{"id":3706,"date":"2022-08-17T17:44:29","date_gmt":"2022-08-17T16:44:29","guid":{"rendered":"https:\/\/mrglackin.eu\/?page_id=3706"},"modified":"2022-08-17T17:46:12","modified_gmt":"2022-08-17T16:46:12","slug":"axe-detude-3-initiation-apprentissage","status":"publish","type":"page","link":"https:\/\/mrglackin.eu\/?page_id=3706","title":{"rendered":"Axe d\u2019\u00e9tude 3 : Initiation, apprentissage"},"content":{"rendered":"\n<p>Dans le domaine de l\u2019art, le roman d\u2019apprentissage, abondamment repr\u00e9sent\u00e9 dans la<br \/>litt\u00e9rature anglophone, vient imm\u00e9diatement \u00e0 l\u2019esprit (Bildungsroman, novel of education ou<br \/>novel of apprenticeship). The History of Tom Jones, a Foundling de Henry Fielding est<br \/>d\u2019ailleurs consid\u00e9r\u00e9 comme un prototype du genre. Aussi cet axe peut-il dans un premier<br \/>temps aborder l\u2019\u00e9volution morale, intellectuelle ou psychologique du personnage, voire de sa<br \/>qu\u00eate de lui-m\u00eame (Oliver Twist de Charles Dickens ou The Mill on the Floss de George<br \/>Eliot) mais \u00e9galement celle du public, en raison des aspirations didactiques ou \u00e9difiantes de<br \/>nombreuses \u0153uvres (Past and Present d\u2019Augustus Egg sur le personnage typique de la<br \/>fallen woman \u00e0 l\u2019\u00e9poque victorienne ; Pygmalion de G.B. Shaw).<br \/>Moment privil\u00e9gi\u00e9 de l\u2019apprentissage, l\u2019enfance est souvent la premi\u00e8re \u00e9tape du roman de<br \/>formation. De Tom Brown\u2019s School Days \u00e0 Harry Potter en passant par Jane Eyre, un grand<br \/>nombre d\u2019\u0153uvres se d\u00e9roulent dans un cadre scolaire et peuvent permettre d\u2019aborder les<br \/>sp\u00e9cificit\u00e9s culturelles de chaque syst\u00e8me : la duret\u00e9 des punitions pour faire plier l\u2019enfant<br \/>dans Boy de Roald Dahl, les dining clubs d\u2019Oxford dans The Riot Club de Lone Scherfig, le<br \/>ph\u00e9nom\u00e8ne des fraternit\u00e9s ou des clubs aux \u00c9tats-Unis comme dans Glee de Ian Brennan,<br \/>Brad Falchuk et Ryan Murphy.<br \/>N\u00e9anmoins, le th\u00e8me de l\u2019initiation ne se r\u00e9sume pas au roman de formation. Le passage de<br \/>l\u2019enfance \u00e0 l\u2019\u00e9tat d\u2019adulte repr\u00e9sente une \u00e9tape cruciale d\u2019un point de vue ethnographique,<br \/>en particulier chez les peuples premiers (rite initiatique du walkabout chez les aborig\u00e8nes<br \/>d\u2019Australie) et constitue \u00e9galement un th\u00e8me riche dans les arts. Il permet d\u2019explorer la<br \/>relation de l\u2019enfant \u00e0 sa famille (Matilda de Roald Dahl et plus g\u00e9n\u00e9ralement dans la<br \/>litt\u00e9rature jeunesse), les tourments de l\u2019adolescence (The Breakfast Club de John Hughes,<br \/>The Catcher in the Rye de J.D. Salinger, Buffy the Vampire Slayer de Joss Whedon) ou la<br \/>construction de l\u2019individu face aux injonctions et aux normes sociales (The Custom of the<br \/>Country d\u2019Edith Wharton, Into the Wild de Sean Penn).<\/p>\n\n\n\n<p>\u00c0 l\u2019\u00e2ge adulte, ce qui forme l\u2019individu, ce sont les exp\u00e9riences auxquelles il est confront\u00e9, un<br \/>voyage par exemple (dans la tradition du Grand Tour du XVIIIe ou XIXe si\u00e8cle ou dans les<br \/>road novels et road movies am\u00e9ricains de On the Road de Jack Kerouac \u00e0 Thelma and<br \/>Louise de Ridley Scott) ou une rencontre avec un mentor (dans le milieu sportif pour Million<br \/>Dollar Baby de Clint Eastwood ou policier pour Mississippi Burning d\u2019Alan Parker). Ce peut<br \/>\u00eatre \u00e9galement une exp\u00e9rience professionnelle (celle des femmes dans les usines pendant<br \/>la guerre, incarn\u00e9e par le personnage de Rosie the Riveter) ou encore un engagement<br \/>politique (celui des f\u00e9ministes qui firent leurs armes en militant pour la temp\u00e9rance ou<br \/>l\u2019abolition de l\u2019esclavage).<br \/>Parfois, des exp\u00e9riences douloureuses et brutales pr\u00e9cipitent l\u2019apprentissage. L\u2019\u00e9preuve du<br \/>deuil (Inside Out de Pete Docter), la cruaut\u00e9 du monde des enfants et la perte de l\u2019innocence<br \/>(Lord of the Flies de William Golding) ou encore la violence du monde des adultes (romans<br \/>de Mark Twain, collections du Foundling Museum de Londres, r\u00e9cits de l\u2019\u00e9vacuation des<br \/>jeunes civils pendant le Blitz, photos d\u2019enfants au travail de Lewis Hine) sont autant<br \/>d\u2019\u00e9l\u00e9ments qui participent de l\u2019initiation de l\u2019individu. Quelquefois, l\u2019apprentissage s\u2019ach\u00e8ve<br \/>m\u00eame sur un \u00e9chec qu\u2019il s\u2019agit de surmonter pour en ressortir grandi (It\u2019s a wonderful life de<br \/>Frank Capra).<\/p>\n","protected":false},"excerpt":{"rendered":"<p>Dans le domaine de l\u2019art, le roman d\u2019apprentissage, abondamment repr\u00e9sent\u00e9 dans lalitt\u00e9rature anglophone, vient imm\u00e9diatement \u00e0 l\u2019esprit (Bildungsroman, novel of education ounovel of apprenticeship). The History of Tom Jones, a Foundling de Henry Fielding estd\u2019ailleurs consid\u00e9r\u00e9 comme un prototype du genre. Aussi cet axe peut-il dans un premiertemps aborder l\u2019\u00e9volution morale, intellectuelle ou psychologique du<span class=\"more-link\">Continue reading<\/span><\/p>\n","protected":false},"author":2,"featured_media":0,"parent":0,"menu_order":0,"comment_status":"closed","ping_status":"closed","template":"","meta":{"footnotes":""},"class_list":["post-3706","page","type-page","status-publish","hentry"],"_links":{"self":[{"href":"https:\/\/mrglackin.eu\/index.php?rest_route=\/wp\/v2\/pages\/3706"}],"collection":[{"href":"https:\/\/mrglackin.eu\/index.php?rest_route=\/wp\/v2\/pages"}],"about":[{"href":"https:\/\/mrglackin.eu\/index.php?rest_route=\/wp\/v2\/types\/page"}],"author":[{"embeddable":true,"href":"https:\/\/mrglackin.eu\/index.php?rest_route=\/wp\/v2\/users\/2"}],"replies":[{"embeddable":true,"href":"https:\/\/mrglackin.eu\/index.php?rest_route=%2Fwp%2Fv2%2Fcomments&post=3706"}],"version-history":[{"count":2,"href":"https:\/\/mrglackin.eu\/index.php?rest_route=\/wp\/v2\/pages\/3706\/revisions"}],"predecessor-version":[{"id":3710,"href":"https:\/\/mrglackin.eu\/index.php?rest_route=\/wp\/v2\/pages\/3706\/revisions\/3710"}],"wp:attachment":[{"href":"https:\/\/mrglackin.eu\/index.php?rest_route=%2Fwp%2Fv2%2Fmedia&parent=3706"}],"curies":[{"name":"wp","href":"https:\/\/api.w.org\/{rel}","templated":true}]}}