{"id":3693,"date":"2022-08-17T17:14:53","date_gmt":"2022-08-17T16:14:53","guid":{"rendered":"https:\/\/mrglackin.eu\/?page_id=3693"},"modified":"2022-08-17T17:14:53","modified_gmt":"2022-08-17T16:14:53","slug":"lart-du-debat","status":"publish","type":"page","link":"https:\/\/mrglackin.eu\/?page_id=3693","title":{"rendered":"L\u2019art du d\u00e9bat"},"content":{"rendered":"\n<p>Le d\u00e9bat prend de multiples formes et sert des fonctions tr\u00e8s diverses. Il va de la conversation la plus \u00e9labor\u00e9e aux \u00e9changes dans lesquels la violence des mots traduit l\u2019indigence de la pens\u00e9e.<\/p>\n\n\n\n<p>La ma\u00eetrise des mots peut \u00eatre \u00e0 double tranchant : elle peut permettre de convaincre, d\u2019emmener l\u2019auditoire avec soi \u2013 on pense aux discours de Winston Churchill, Susan B. Antony, John Fitzgerald Kennedy, Martin Luther King \u2013 ou, \u00e0 l\u2019inverse, se transformer en arme de manipulation ou de propagande, comme en t\u00e9moignent la rh\u00e9torique de Marc- Antoine dans Julius Caesar de William Shakespeare, les discours de Major dans Animal Farm de George Orwell ou ceux, caricaturaux, du Dictateur de Charles Chaplin. On peut s\u2019int\u00e9resser \u00e0 l\u2019utilisation de la parole dans les domaines politique ou judiciaire, par exemple \u00e0 travers les innombrables sc\u00e8nes de proc\u00e8s qu\u2019offre le cin\u00e9ma am\u00e9ricain (12 Angry Men, Philadelphia, Mississippi Burning, The Crucible) ou la c\u00e9l\u00e8bre mise en sc\u00e8ne du filibuster dans Mr Smith Goes to Washington de Frank Capra.<\/p>\n\n\n\n<p>Parfois, l\u2019\u00e9change verbal est \u00e9lev\u00e9 au rang d\u2019art, avec ses codes, son jeu, ses rituels, qu\u2019il s\u2019agisse des joutes verbales pleines de mots d\u2019esprit (witticisms) chez Jane Austen, Woody Allen ou Quentin Tarantino, des d\u00e9bats th\u00e9\u00e2tralis\u00e9s du jeu politique \u00e0 la Chambre des communes ou m\u00eame de la tradition tr\u00e8s codifi\u00e9e des battles en hip-hop, o\u00f9 la virtuosit\u00e9 verbale permet de triompher de ses adversaires. Cet art de convaincre est aussi l\u2019enjeu des debating societies dans le monde scolaire et universitaire (The Great Debaters de Denzel Washington). Il convient de le reconna\u00eetre et de le valoriser dans le discours des \u00e9l\u00e8ves.<\/p>\n\n\n\n<p>La classe, et tout particuli\u00e8rement celle de sp\u00e9cialit\u00e9 de langues, litt\u00e9ratures et cultures \u00e9trang\u00e8res, est le lieu id\u00e9al pour l\u2019apprentissage des comp\u00e9tences requises pour la prise de parole en public : confiance, ma\u00eetrise de la langue, posture, lexique \u00e9tendu, art de la r\u00e9partie. On peut s\u2019appuyer sur des \u0153uvres qui donnent des cl\u00e9s pour surmonter les pr\u00e9jug\u00e9s, les handicaps et les craintes li\u00e9s au langage : les cours de diction dans Singin\u2019 in the Rain ou My Fair Lady, ou encore la th\u00e9rapie qui permet au roi George VI de dompter son b\u00e9gaiement dans The King\u2019s Speech.<\/p>\n","protected":false},"excerpt":{"rendered":"<p>Le d\u00e9bat prend de multiples formes et sert des fonctions tr\u00e8s diverses. Il va de la conversation la plus \u00e9labor\u00e9e aux \u00e9changes dans lesquels la violence des mots traduit l\u2019indigence de la pens\u00e9e. La ma\u00eetrise des mots peut \u00eatre \u00e0 double tranchant : elle peut permettre de convaincre, d\u2019emmener l\u2019auditoire avec soi \u2013 on pense<span class=\"more-link\">Continue reading<\/span><\/p>\n","protected":false},"author":2,"featured_media":0,"parent":0,"menu_order":0,"comment_status":"closed","ping_status":"closed","template":"","meta":{"footnotes":""},"class_list":["post-3693","page","type-page","status-publish","hentry"],"_links":{"self":[{"href":"https:\/\/mrglackin.eu\/index.php?rest_route=\/wp\/v2\/pages\/3693"}],"collection":[{"href":"https:\/\/mrglackin.eu\/index.php?rest_route=\/wp\/v2\/pages"}],"about":[{"href":"https:\/\/mrglackin.eu\/index.php?rest_route=\/wp\/v2\/types\/page"}],"author":[{"embeddable":true,"href":"https:\/\/mrglackin.eu\/index.php?rest_route=\/wp\/v2\/users\/2"}],"replies":[{"embeddable":true,"href":"https:\/\/mrglackin.eu\/index.php?rest_route=%2Fwp%2Fv2%2Fcomments&post=3693"}],"version-history":[{"count":1,"href":"https:\/\/mrglackin.eu\/index.php?rest_route=\/wp\/v2\/pages\/3693\/revisions"}],"predecessor-version":[{"id":3695,"href":"https:\/\/mrglackin.eu\/index.php?rest_route=\/wp\/v2\/pages\/3693\/revisions\/3695"}],"wp:attachment":[{"href":"https:\/\/mrglackin.eu\/index.php?rest_route=%2Fwp%2Fv2%2Fmedia&parent=3693"}],"curies":[{"name":"wp","href":"https:\/\/api.w.org\/{rel}","templated":true}]}}