{"id":3656,"date":"2022-08-17T11:56:26","date_gmt":"2022-08-17T10:56:26","guid":{"rendered":"https:\/\/mrglackin.eu\/?page_id=3656"},"modified":"2022-08-17T11:56:27","modified_gmt":"2022-08-17T10:56:27","slug":"limaginaire-imaginary-worlds","status":"publish","type":"page","link":"https:\/\/mrglackin.eu\/?page_id=3656","title":{"rendered":"L&#8217;imaginaire &#8212; Imaginary Worlds"},"content":{"rendered":"\n<p>De Frankenstein \u00e0 Game of Thrones, en passant par Dracula, la litt\u00e9rature et les arts anglophones entretiennent un rapport privil\u00e9gi\u00e9 \u00e0 l\u2019imaginaire, comme en t\u00e9moigne le succ\u00e8s plan\u00e9taire de sagas comme Harry Potter, Narnia, Hunger Games ou Twilight, particuli\u00e8rement aupr\u00e8s d\u2019un public de jeunes adultes. En s\u2019\u00e9loignant du r\u00e9el et en basculant dans le fantastique, dans l\u2019\u00e9trange ou le merveilleux, l\u2019artiste acc\u00e8de \u00e0 un espace de libert\u00e9 o\u00f9 il laisse libre cours \u00e0 la puissance cr\u00e9atrice du langage, s\u2019affranchir des r\u00e8gles du r\u00e9el et repousser les limites de l\u2019esprit humain en fa\u00e7onnant un univers unique. Cet espace des possibles s\u2019ouvre au lecteur, qui peut \u00e0 sa guise s\u2019aventurer dans les mondes fabuleux qui lui sont propos\u00e9s (notamment dans le genre tr\u00e8s riche de la fantasy). Cet art de l\u2019imaginaire permet aussi d\u2019explorer les peurs et les fantasmes de l\u2019artiste et de son public, dans des genres comme le gothique ou l\u2019horreur. \u00c0 travers des genres comme la science-fiction, l\u2019utopie et la dystopie, l\u2019imagination offre en outre un miroir au r\u00e9el qu\u2019elle prolonge et d\u00e9forme pour mieux le penser.<\/p>\n\n\n\n<p>Cette th\u00e9matique permet ainsi aux \u00e9l\u00e8ves d\u2019appr\u00e9hender les diff\u00e9rentes d\u00e9clinaisons de l\u2019imaginaire et leur rapport au r\u00e9el, d\u2019explorer, \u00e0 travers une vari\u00e9t\u00e9 de documents de diff\u00e9rentes \u00e9poques, les multiples facettes de l\u2019imagination, \u00e0 la fois fabuleuse facult\u00e9 d\u2019invention et puissant outil de r\u00e9flexion sur l\u2019Homme et le monde dans lequel il vit. Trois axes d\u2019\u00e9tude pourront \u00eatre envisag\u00e9s.<\/p>\n","protected":false},"excerpt":{"rendered":"<p>De Frankenstein \u00e0 Game of Thrones, en passant par Dracula, la litt\u00e9rature et les arts anglophones entretiennent un rapport privil\u00e9gi\u00e9 \u00e0 l\u2019imaginaire, comme en t\u00e9moigne le succ\u00e8s plan\u00e9taire de sagas comme Harry Potter, Narnia, Hunger Games ou Twilight, particuli\u00e8rement aupr\u00e8s d\u2019un public de jeunes adultes. En s\u2019\u00e9loignant du r\u00e9el et en basculant dans le fantastique,<span class=\"more-link\">Continue reading<\/span><\/p>\n","protected":false},"author":2,"featured_media":0,"parent":0,"menu_order":0,"comment_status":"closed","ping_status":"closed","template":"","meta":{"footnotes":""},"class_list":["post-3656","page","type-page","status-publish","hentry"],"_links":{"self":[{"href":"https:\/\/mrglackin.eu\/index.php?rest_route=\/wp\/v2\/pages\/3656"}],"collection":[{"href":"https:\/\/mrglackin.eu\/index.php?rest_route=\/wp\/v2\/pages"}],"about":[{"href":"https:\/\/mrglackin.eu\/index.php?rest_route=\/wp\/v2\/types\/page"}],"author":[{"embeddable":true,"href":"https:\/\/mrglackin.eu\/index.php?rest_route=\/wp\/v2\/users\/2"}],"replies":[{"embeddable":true,"href":"https:\/\/mrglackin.eu\/index.php?rest_route=%2Fwp%2Fv2%2Fcomments&post=3656"}],"version-history":[{"count":1,"href":"https:\/\/mrglackin.eu\/index.php?rest_route=\/wp\/v2\/pages\/3656\/revisions"}],"predecessor-version":[{"id":3658,"href":"https:\/\/mrglackin.eu\/index.php?rest_route=\/wp\/v2\/pages\/3656\/revisions\/3658"}],"wp:attachment":[{"href":"https:\/\/mrglackin.eu\/index.php?rest_route=%2Fwp%2Fv2%2Fmedia&parent=3656"}],"curies":[{"name":"wp","href":"https:\/\/api.w.org\/{rel}","templated":true}]}}