{"id":3647,"date":"2022-08-17T11:29:55","date_gmt":"2022-08-17T10:29:55","guid":{"rendered":"https:\/\/mrglackin.eu\/?page_id=3647"},"modified":"2022-08-17T11:29:56","modified_gmt":"2022-08-17T10:29:56","slug":"relations-entre-lindividu-et-le-groupe-relationships-between-the-individual-and-the-group","status":"publish","type":"page","link":"https:\/\/mrglackin.eu\/?page_id=3647","title":{"rendered":"Relations entre l&#8217;individu et le groupe &#8212; Relationships between the Individual and the Group"},"content":{"rendered":"\n<p>Cet axe explore comment cette rencontre, qu\u2019elle soit r\u00e9ussie ou qu\u2019elle m\u00e8ne au contraire \u00e0 un sentiment de rejet, d\u2019acculturation, de marginalisation ou de solitude, offre souvent aux artistes et \u00e9crivains l\u2019occasion d\u2019en souligner toute la complexit\u00e9 (encountering ; contrasting). Si la litt\u00e9rature a souvent trait\u00e9 ce th\u00e8me, aussi bien par le roman (John Steinbeck, George Orwell) que par le th\u00e9\u00e2tre (William Shakespeare, Tennessee Williams) ou par la po\u00e9sie (Walt Whitman, Robert Frost), on trouve aussi de belles pistes d\u2019analyse chez diff\u00e9rents artistes du monde anglophone : tableaux d\u2019Edward Hopper, photographies de Martin Parr, montages vid\u00e9o de Bill Viola, romans graphiques de Chris Ware, etc. On \u00e9tudie en outre l\u2019\u00e9cart \u00e0 la norme que fait appara\u00eetre la rencontre. Ce th\u00e8me a \u00e9t\u00e9 exploit\u00e9 avec talent par de nombreux auteurs et artistes, des romanciers Daniel Defoe, Kate Chopin, E. M. Forster \u00e0 la chor\u00e9graphe Anna Halprin ou encore au sculpteur William McElcheran.<\/p>\n","protected":false},"excerpt":{"rendered":"<p>Cet axe explore comment cette rencontre, qu\u2019elle soit r\u00e9ussie ou qu\u2019elle m\u00e8ne au contraire \u00e0 un sentiment de rejet, d\u2019acculturation, de marginalisation ou de solitude, offre souvent aux artistes et \u00e9crivains l\u2019occasion d\u2019en souligner toute la complexit\u00e9 (encountering ; contrasting). Si la litt\u00e9rature a souvent trait\u00e9 ce th\u00e8me, aussi bien par le roman (John Steinbeck,<span class=\"more-link\">Continue reading<\/span><\/p>\n","protected":false},"author":2,"featured_media":0,"parent":0,"menu_order":0,"comment_status":"closed","ping_status":"closed","template":"","meta":{"footnotes":""},"class_list":["post-3647","page","type-page","status-publish","hentry"],"_links":{"self":[{"href":"https:\/\/mrglackin.eu\/index.php?rest_route=\/wp\/v2\/pages\/3647"}],"collection":[{"href":"https:\/\/mrglackin.eu\/index.php?rest_route=\/wp\/v2\/pages"}],"about":[{"href":"https:\/\/mrglackin.eu\/index.php?rest_route=\/wp\/v2\/types\/page"}],"author":[{"embeddable":true,"href":"https:\/\/mrglackin.eu\/index.php?rest_route=\/wp\/v2\/users\/2"}],"replies":[{"embeddable":true,"href":"https:\/\/mrglackin.eu\/index.php?rest_route=%2Fwp%2Fv2%2Fcomments&post=3647"}],"version-history":[{"count":1,"href":"https:\/\/mrglackin.eu\/index.php?rest_route=\/wp\/v2\/pages\/3647\/revisions"}],"predecessor-version":[{"id":3649,"href":"https:\/\/mrglackin.eu\/index.php?rest_route=\/wp\/v2\/pages\/3647\/revisions\/3649"}],"wp:attachment":[{"href":"https:\/\/mrglackin.eu\/index.php?rest_route=%2Fwp%2Fv2%2Fmedia&parent=3647"}],"curies":[{"name":"wp","href":"https:\/\/api.w.org\/{rel}","templated":true}]}}