{"id":3174,"date":"2020-10-19T11:04:02","date_gmt":"2020-10-19T10:04:02","guid":{"rendered":"http:\/\/mrglackin.eu\/?page_id=3174"},"modified":"2020-10-19T11:04:04","modified_gmt":"2020-10-19T10:04:04","slug":"llcer","status":"publish","type":"page","link":"https:\/\/mrglackin.eu\/?page_id=3174","title":{"rendered":"LLCER"},"content":{"rendered":"\n<h1 class=\"wp-block-heading\" id=\"parent-fieldname-title\">\u00c9preuve de l&#8217;enseignement de sp\u00e9cialit\u00e9 LLCER de la classe de terminale de la voie g\u00e9n\u00e9rale &#8211; Baccalaur\u00e9at 2021<\/h1>\n\n\n\n<p>Publi\u00e9&nbsp;par&nbsp;Marion Coste&nbsp;le&nbsp;01\/09\/2020Baccalaur\u00e9at 2021<\/p>\n\n\n\n<p>Cette note de service d\u00e9finit l&#8217;\u00e9preuve terminale de l&#8217;enseignement de sp\u00e9cialit\u00e9 langues, litt\u00e9ratures et cultures \u00e9trang\u00e8res et r\u00e9gionales (LLCER) de la classe de terminale. Elle est applicable \u00e0 compter de la session 2021 du baccalaur\u00e9at. Elle s&#8217;applique \u00e0 tous les enseignements propos\u00e9s en langues, litt\u00e9ratures et cultures \u00e9trang\u00e8res et r\u00e9gionales, y compris l\u2018enseignement de sp\u00e9cialit\u00e9 \u00ab&nbsp;anglais monde contemporain&nbsp;\u00bb, mis en place \u00e0 compter de la rentr\u00e9e scolaire 2020\/2021.<\/p>\n\n\n\n<p><a href=\"https:\/\/www.education.gouv.fr\/bo\/20\/Special7\/MENE2019311N.htm\" target=\"_blank\" rel=\"noreferrer noopener\"><strong>La grille pour l&#8217;\u00e9valuation de l&#8217;expression \u00e9crite enseignement de sp\u00e9cialit\u00e9 terminale est consultable sur le Bulletin officiel sp\u00e9cial n\u00b06 du 31 juillet 2020<\/strong><\/a><\/p>\n\n\n\n<h2 class=\"wp-block-heading\">Objectifs de l&#8217;\u00e9valuation<\/h2>\n\n\n\n<p>L&#8217;\u00e9preuve porte sur le programme de la classe de terminale d\u00e9fini par l&#8217;arr\u00eat\u00e9 du 19 juillet 2019 paru au BOEN sp\u00e9cial n\u00b0 8 du 25 juillet 2019 et, pour la LLCER (autre qu&#8217;anglais, monde contemporain), sur le programme d&#8217;\u0153uvres, renouvel\u00e9 par moiti\u00e9 tous les deux ans. Elle prend \u00e9galement appui sur les acquis du programme de la classe de premi\u00e8re. Les notions et th\u00e9matiques rencontr\u00e9es en classe de premi\u00e8re (cf. arr\u00eat\u00e9 du 17 janvier 2019 paru au BOEN sp\u00e9cial n\u00b0 1 du 22 janvier 2019) mais non approfondies en classe de terminale, doivent \u00eatre connues et mobilisables. Elles ne peuvent cependant pas constituer un ressort essentiel du sujet.<\/p>\n\n\n\n<p>L&#8217;\u00e9preuve se compose d&#8217;une partie \u00e9crite et d&#8217;une partie orale, chacune comptant pour moiti\u00e9 de la note finale.<\/p>\n\n\n\n<p>Pour les enseignements de LLCER hors anglais monde contemporain, seul l&#8217;oral \u00e9value les \u0153uvres figurant au programme limitatif. \u00c0 l&#8217;\u00e9crit, pour toutes les LLCER, les candidats ont le choix entre deux sujets qui prennent appui sur deux des trois th\u00e9matiques du programme de terminale.<\/p>\n\n\n\n<h2 class=\"wp-block-heading\">Partie \u00e9crite<\/h2>\n\n\n\n<p>Dur\u00e9e&nbsp;: 3 heures 30<\/p>\n\n\n\n<p><strong>Objectifs<\/strong><\/p>\n\n\n\n<p>L&#8217;\u00e9preuve vise \u00e0 \u00e9valuer la ma\u00eetrise par le candidat des attendus du programme de l&#8217;enseignement de sp\u00e9cialit\u00e9 langues, litt\u00e9ratures et cultures \u00e9trang\u00e8res et r\u00e9gionales pour la classe de terminale.<\/p>\n\n\n\n<p><strong>Structure<\/strong><\/p>\n\n\n\n<p>L&#8217;\u00e9preuve comporte deux parties&nbsp;:<\/p>\n\n\n\n<p>1re partie&nbsp;: synth\u00e8se en langue \u00e9trang\u00e8re<\/p>\n\n\n\n<p>&#8211; \u00c9laboration d&#8217;une synth\u00e8se d&#8217;un dossier documentaire, guid\u00e9e par deux ou trois questions ou consignes, en environ 500 mots. Le dossier documentaire est compos\u00e9 de trois ou quatre documents, adoss\u00e9s \u00e0 l&#8217;une des th\u00e9matiques au programme de l&#8217;enseignement de sp\u00e9cialit\u00e9 de terminale. La longueur cumul\u00e9e des textes est comprise entre 4000 et 5000 signes, blancs et espaces compris&nbsp;;<\/p>\n\n\n\n<p>Le dossier documentaire est compos\u00e9 de documents de natures diverses, tels que\u00a0: un document iconographique (image, graphique, tableau, etc.)\u00a0;<\/p>\n\n\n\n<p>un texte litt\u00e9raire (obligatoirement pour la sp\u00e9cialit\u00e9 LLCER autre qu&#8217;anglais, monde contemporain)\u00a0;<\/p>\n\n\n\n<p>un texte de presse (obligatoirement pour la sp\u00e9cialit\u00e9 LLCER anglais, monde contemporain)\u00a0;<\/p>\n\n\n\n<p>un extrait d&#8217;essai, etc.<\/p>\n\n\n\n<p>La synth\u00e8se peut \u00eatre compl\u00e9t\u00e9e par un \u00e9crit compl\u00e9mentaire de type argumentatif, l&#8217;ensemble n&#8217;exc\u00e9dant pas 500 mots.<\/p>\n\n\n\n<p>2e partie&nbsp;: traduction ou transposition en fran\u00e7ais<\/p>\n\n\n\n<p>Selon les langues, le sujet pr\u00e9cise s&#8217;il s&#8217;agit&nbsp;:<\/p>\n\n\n\n<p>&#8211; d&#8217;une traduction en fran\u00e7ais d&#8217;un passage d&#8217;un des textes du dossier d&#8217;environ&nbsp;500 signes, blancs et espaces compris&nbsp;;<\/p>\n\n\n\n<p>ou<\/p>\n\n\n\n<p>&#8211; d&#8217;une transposition en fran\u00e7ais, rendant compte des id\u00e9es principales d&#8217;un des textes pr\u00e9sents dans le dossier.<\/p>\n\n\n\n<p><strong><u>Mat\u00e9riel autoris\u00e9&nbsp;<\/u><\/strong><\/p>\n\n\n\n<p>L&#8217;usage du dictionnaire unilingue non encyclop\u00e9dique est autoris\u00e9.<\/p>\n\n\n\n<p><strong>Niveau attendu&nbsp;<\/strong><\/p>\n\n\n\n<p>B2\/C1 (C1 pour anglais, monde contemporain)<\/p>\n\n\n\n<p><strong>Notation<\/strong><\/p>\n\n\n\n<p>L&#8217;\u00e9preuve est not\u00e9e sur 20 points (synth\u00e8se&nbsp;: 16 points&nbsp;; traduction&nbsp;: 4 points).<\/p>\n\n\n\n<p>La grille d&#8217;\u00e9valuation pr\u00e9sente en annexe est fournie aux correcteurs.<\/p>\n\n\n\n<h2 class=\"wp-block-heading\">Partie orale<\/h2>\n\n\n\n<p>Dur\u00e9e&nbsp;: 20 minutes (sans pr\u00e9paration)<\/p>\n\n\n\n<p><strong>Objectifs<\/strong><\/p>\n\n\n\n<p>L&#8217;\u00e9preuve vise \u00e0 \u00e9valuer la ma\u00eetrise par le candidat des attendus du programme de l&#8217;enseignement de sp\u00e9cialit\u00e9 langues, litt\u00e9ratures et cultures \u00e9trang\u00e8res et r\u00e9gionales pour le cycle terminal.<\/p>\n\n\n\n<p><strong>Structure<\/strong><\/p>\n\n\n\n<p>L&#8217;\u00e9preuve consiste en un oral de 20 minutes qui s&#8217;appuie sur un dossier personnel pr\u00e9sent\u00e9 par le candidat et vis\u00e9 par son professeur de l&#8217;ann\u00e9e de terminale.<\/p>\n\n\n\n<p>Le candidat remet un exemplaire de son dossier \u00e0 l&#8217;examinateur au d\u00e9but de sa prise de parole et en conserve un qu&#8217;il utilise selon ses besoins durant l&#8217;\u00e9preuve.<\/p>\n\n\n\n<p>Le dossier est compos\u00e9 de quatre \u00e0 six documents textuels et \/ou iconographiques (\u00e9tudi\u00e9s ou non en classe) en lien avec une ou plusieurs th\u00e9matiques du programme du cycle terminal. Il comprend&nbsp;:<\/p>\n\n\n\n<p>Pour la sp\u00e9cialit\u00e9 LLCER\u00a0autre qu&#8217;anglais, monde contemporain\u00a0: au moins une des \u0153uvres int\u00e9grales \u00e9tudi\u00e9es au cours du cycle terminal (\u0153uvre mat\u00e9rialis\u00e9e par un extrait ou une illustration)\u00a0;<\/p>\n\n\n\n<p>au moins deux textes litt\u00e9raires, sans se limiter au genre romanesque\u00a0; le candidat peut prendre appui sur les annexes publi\u00e9es avec les programmes du cycle terminal, mais peut, s&#8217;il le juge pertinent, enrichir son dossier de textes litt\u00e9raires de son choix\u00a0;<\/p>\n\n\n\n<p>au plus deux \u0153uvres d&#8217;art visuel (affiche, caricature, dessin, extrait de film, peinture, sculpture, etc.)\u00a0;<\/p>\n\n\n\n<p>au moins un texte non litt\u00e9raire (article de presse, extrait de discours, d&#8217;essai, etc.).<\/p>\n\n\n\n<p>Pour la sp\u00e9cialit\u00e9 LLCER anglais, monde contemporain\u00a0: au moins un article de presse\u00a0;<\/p>\n\n\n\n<p>au plus deux textes d&#8217;une autre nature\u00a0;<\/p>\n\n\n\n<p>au plus deux documents iconographiques.<\/p>\n\n\n\n<p>Sans temps de pr\u00e9paration, le candidat pr\u00e9sente son dossier dans la langue cible pendant 10 minutes au plus pour en justifier les choix et en exprimer la logique interne, puis interagit avec l&#8217;examinateur dans la langue cible pendant 10 minutes au plus.<\/p>\n\n\n\n<p>Si le candidat ne pr\u00e9sente pas de dossier, l&#8217;examinateur lui remet trois documents de natures diff\u00e9rentes en lien avec une des th\u00e9matiques du programme du cycle terminal. Le candidat commente ces documents.<\/p>\n\n\n\n<p>Les candidats individuels sont soumis aux m\u00eames conditions et doivent pr\u00e9senter un dossier de m\u00eame format.<\/p>\n\n\n\n<p><strong>Niveau attendu<\/strong><\/p>\n\n\n\n<p>B2\/C1 (C1 pour anglais, monde contemporain)<\/p>\n\n\n\n<p><strong>Notation<\/strong><\/p>\n\n\n\n<p>L&#8217;\u00e9preuve est not\u00e9e sur 20 points.<\/p>\n\n\n\n<p>La grille d&#8217;\u00e9valuation pr\u00e9sente en annexe est fournie aux correcteurs.<\/p>\n\n\n\n<p>Le dossier, pr\u00e9sent\u00e9 ou non par le candidat, n&#8217;est pas \u00e9valu\u00e9.<\/p>\n\n\n\n<p><strong>Candidats en situation de handicap<\/strong><\/p>\n\n\n\n<p>Les dispenses et am\u00e9nagements de l&#8217;\u00e9preuve sont faits conform\u00e9ment \u00e0 l&#8217;arr\u00eat\u00e9 du 22 juillet 2019 relatif aux dispenses et am\u00e9nagements d&#8217;\u00e9preuves de langue vivante pour les candidats au baccalaur\u00e9at g\u00e9n\u00e9ral et technologique pr\u00e9sentant tout trouble relevant du handicap, publi\u00e9 au JO n\u00b0 0198 du 27 ao\u00fbt 2019.<\/p>\n\n\n\n<h2 class=\"wp-block-heading\">\u00c9preuve orale de contr\u00f4le<\/h2>\n\n\n\n<p>Dur\u00e9e&nbsp;: 20 minutes.<\/p>\n\n\n\n<p>Temps de pr\u00e9paration&nbsp;: 20 minutes.<\/p>\n\n\n\n<p>L&#8217;\u00e9valuation prend appui sur un document d\u00e9couvert par le candidat au moment de l&#8217;\u00e9preuve. Ce document se rapporte \u00e0 l&#8217;une des th\u00e9matiques du programme et peut relever de genres tr\u00e8s diff\u00e9rents (image publicitaire, dessin humoristique, photographie, reproduction d&#8217;une \u0153uvre plastique, slogan, titre d&#8217;article de presse, question invitant le candidat \u00e0 prendre position sur un sujet d&#8217;actualit\u00e9 ou un ph\u00e9nom\u00e8ne de soci\u00e9t\u00e9, etc.).<\/p>\n\n\n\n<p>L&#8217;examinateur propose au candidat deux documents. Chaque document est en lien avec une des th\u00e9matiques du cycle terminal. Le candidat choisit l&#8217;un de ces documents et dispose ensuite de 20 minutes pour organiser ses id\u00e9es et pr\u00e9parer son propos. Le document, qui ne donne pas lieu \u00e0 un commentaire formel, doit permettre au candidat de prendre la parole librement. Cette prise de parole en continu, qui n&#8217;exc\u00e8de pas 10 minutes, sert d&#8217;amorce \u00e0 une conversation conduite par l&#8217;examinateur, qui prend notamment appui sur l&#8217;expos\u00e9 du candidat. Cette phase d&#8217;interaction n&#8217;exc\u00e8de pas 10 minutes.<\/p>\n\n\n\n<p>Pour chaque candidat, l&#8217;examinateur conduit son \u00e9valuation \u00e0 partir de la fiche d&#8217;\u00e9valuation et de notation publi\u00e9e en annexe.<\/p>\n","protected":false},"excerpt":{"rendered":"<p>\u00c9preuve de l&#8217;enseignement de sp\u00e9cialit\u00e9 LLCER de la classe de terminale de la voie g\u00e9n\u00e9rale &#8211; Baccalaur\u00e9at 2021 Publi\u00e9&nbsp;par&nbsp;Marion Coste&nbsp;le&nbsp;01\/09\/2020Baccalaur\u00e9at 2021 Cette note de service d\u00e9finit l&#8217;\u00e9preuve terminale de l&#8217;enseignement de sp\u00e9cialit\u00e9 langues, litt\u00e9ratures et cultures \u00e9trang\u00e8res et r\u00e9gionales (LLCER) de la classe de terminale. Elle est applicable \u00e0 compter de la session 2021 du<span class=\"more-link\">Continue reading<\/span><\/p>\n","protected":false},"author":2,"featured_media":0,"parent":0,"menu_order":0,"comment_status":"closed","ping_status":"closed","template":"","meta":{"footnotes":""},"class_list":["post-3174","page","type-page","status-publish","hentry"],"_links":{"self":[{"href":"https:\/\/mrglackin.eu\/index.php?rest_route=\/wp\/v2\/pages\/3174"}],"collection":[{"href":"https:\/\/mrglackin.eu\/index.php?rest_route=\/wp\/v2\/pages"}],"about":[{"href":"https:\/\/mrglackin.eu\/index.php?rest_route=\/wp\/v2\/types\/page"}],"author":[{"embeddable":true,"href":"https:\/\/mrglackin.eu\/index.php?rest_route=\/wp\/v2\/users\/2"}],"replies":[{"embeddable":true,"href":"https:\/\/mrglackin.eu\/index.php?rest_route=%2Fwp%2Fv2%2Fcomments&post=3174"}],"version-history":[{"count":1,"href":"https:\/\/mrglackin.eu\/index.php?rest_route=\/wp\/v2\/pages\/3174\/revisions"}],"predecessor-version":[{"id":3175,"href":"https:\/\/mrglackin.eu\/index.php?rest_route=\/wp\/v2\/pages\/3174\/revisions\/3175"}],"wp:attachment":[{"href":"https:\/\/mrglackin.eu\/index.php?rest_route=%2Fwp%2Fv2%2Fmedia&parent=3174"}],"curies":[{"name":"wp","href":"https:\/\/api.w.org\/{rel}","templated":true}]}}