{"id":3664,"date":"2022-08-17T12:03:03","date_gmt":"2022-08-17T11:03:03","guid":{"rendered":"https:\/\/mrglackin.eu\/?page_id=3664"},"modified":"2022-08-17T12:03:04","modified_gmt":"2022-08-17T11:03:04","slug":"imaginaires-effrayants-terrifying-imaginary-worlds","status":"publish","type":"page","link":"http:\/\/mrglackin.eu\/?page_id=3664","title":{"rendered":"imaginaires effrayants &#8212; Terrifying Imaginary Worlds"},"content":{"rendered":"\n<p>Cet axe explore la fa\u00e7on dont l\u2019imagination vient donner corps \u00e0 ce que l&#8217;\u00eatre humain ne comprend ni ne ma\u00eetrise, \u00e0 ses fantasmes et terreurs les plus enfouies, \u00e0 ses angoisses m\u00e9taphysiques, tout en les pla\u00e7ant \u00e0 une rassurante distance dans des univers surnaturels. On peut s\u2019int\u00e9resser par exemple au motif du monstre (de Dracula de Bram Stoker \u00e0 Elephant Man de David Lynch), ou \u00e9tudier les techniques propres aux genres du gothique et de l\u2019horreur, en litt\u00e9rature et dans les arts (Dr Jekyll and Mr Hyde de Stevenson, The Shining de Stanley Kubrick).<\/p>\n","protected":false},"excerpt":{"rendered":"<p>Cet axe explore la fa\u00e7on dont l\u2019imagination vient donner corps \u00e0 ce que l&#8217;\u00eatre humain ne comprend ni ne ma\u00eetrise, \u00e0 ses fantasmes et terreurs les plus enfouies, \u00e0 ses angoisses m\u00e9taphysiques, tout en les pla\u00e7ant \u00e0 une rassurante distance dans des univers surnaturels. On peut s\u2019int\u00e9resser par exemple au motif du monstre (de Dracula<span class=\"more-link\">Continue reading<\/span><\/p>\n","protected":false},"author":2,"featured_media":0,"parent":0,"menu_order":0,"comment_status":"closed","ping_status":"closed","template":"","meta":{"footnotes":""},"class_list":["post-3664","page","type-page","status-publish","hentry"],"_links":{"self":[{"href":"http:\/\/mrglackin.eu\/index.php?rest_route=\/wp\/v2\/pages\/3664"}],"collection":[{"href":"http:\/\/mrglackin.eu\/index.php?rest_route=\/wp\/v2\/pages"}],"about":[{"href":"http:\/\/mrglackin.eu\/index.php?rest_route=\/wp\/v2\/types\/page"}],"author":[{"embeddable":true,"href":"http:\/\/mrglackin.eu\/index.php?rest_route=\/wp\/v2\/users\/2"}],"replies":[{"embeddable":true,"href":"http:\/\/mrglackin.eu\/index.php?rest_route=%2Fwp%2Fv2%2Fcomments&post=3664"}],"version-history":[{"count":1,"href":"http:\/\/mrglackin.eu\/index.php?rest_route=\/wp\/v2\/pages\/3664\/revisions"}],"predecessor-version":[{"id":3666,"href":"http:\/\/mrglackin.eu\/index.php?rest_route=\/wp\/v2\/pages\/3664\/revisions\/3666"}],"wp:attachment":[{"href":"http:\/\/mrglackin.eu\/index.php?rest_route=%2Fwp%2Fv2%2Fmedia&parent=3664"}],"curies":[{"name":"wp","href":"https:\/\/api.w.org\/{rel}","templated":true}]}}