{"id":3634,"date":"2022-08-17T11:19:32","date_gmt":"2022-08-17T10:19:32","guid":{"rendered":"https:\/\/mrglackin.eu\/?page_id=3634"},"modified":"2022-08-17T11:19:33","modified_gmt":"2022-08-17T10:19:33","slug":"creative-and-visionary-imaginary-works","status":"publish","type":"page","link":"http:\/\/mrglackin.eu\/?page_id=3634","title":{"rendered":"Creative and Visionary Imaginary Works"},"content":{"rendered":"\n<p>Cet axe s\u2019int\u00e9resse aux capacit\u00e9s de l\u2019imaginaire \u00e0 s\u2019\u00e9manciper des r\u00e8gles du r\u00e9el, que ce soit en inventant des mondes extraordinaires (Alice in Wonderland de Lewis Caroll, s\u00e9rie Game of Thrones et ses inspirations shakespeariennes), en donnant forme \u00e0 des visions oniriques (A Midsummer Night\u2019s Dream de Shakespeare, po\u00e9sie visionnaire de Coleridge, \u0153uvres picturales de William Blake, de Henry Fuseli ou des pr\u00e9rapha\u00e9lites), ou en repoussant les limites de la science (Frankenstein de Mary Shelley, romans d\u2019Isaac Asimov, films comme 2001, A Space Odyssey de Stanley Kubrick ou Interstellar de Christopher Nolan).<\/p>\n","protected":false},"excerpt":{"rendered":"<p>Cet axe s\u2019int\u00e9resse aux capacit\u00e9s de l\u2019imaginaire \u00e0 s\u2019\u00e9manciper des r\u00e8gles du r\u00e9el, que ce soit en inventant des mondes extraordinaires (Alice in Wonderland de Lewis Caroll, s\u00e9rie Game of Thrones et ses inspirations shakespeariennes), en donnant forme \u00e0 des visions oniriques (A Midsummer Night\u2019s Dream de Shakespeare, po\u00e9sie visionnaire de Coleridge, \u0153uvres picturales de<span class=\"more-link\">Continue reading<\/span><\/p>\n","protected":false},"author":2,"featured_media":0,"parent":0,"menu_order":0,"comment_status":"closed","ping_status":"closed","template":"","meta":{"footnotes":""},"class_list":["post-3634","page","type-page","status-publish","hentry"],"_links":{"self":[{"href":"http:\/\/mrglackin.eu\/index.php?rest_route=\/wp\/v2\/pages\/3634"}],"collection":[{"href":"http:\/\/mrglackin.eu\/index.php?rest_route=\/wp\/v2\/pages"}],"about":[{"href":"http:\/\/mrglackin.eu\/index.php?rest_route=\/wp\/v2\/types\/page"}],"author":[{"embeddable":true,"href":"http:\/\/mrglackin.eu\/index.php?rest_route=\/wp\/v2\/users\/2"}],"replies":[{"embeddable":true,"href":"http:\/\/mrglackin.eu\/index.php?rest_route=%2Fwp%2Fv2%2Fcomments&post=3634"}],"version-history":[{"count":1,"href":"http:\/\/mrglackin.eu\/index.php?rest_route=\/wp\/v2\/pages\/3634\/revisions"}],"predecessor-version":[{"id":3636,"href":"http:\/\/mrglackin.eu\/index.php?rest_route=\/wp\/v2\/pages\/3634\/revisions\/3636"}],"wp:attachment":[{"href":"http:\/\/mrglackin.eu\/index.php?rest_route=%2Fwp%2Fv2%2Fmedia&parent=3634"}],"curies":[{"name":"wp","href":"https:\/\/api.w.org\/{rel}","templated":true}]}}